{"id":10,"date":"2014-01-28T13:45:56","date_gmt":"2014-01-28T13:45:56","guid":{"rendered":"http:\/\/test.kullakapell.nu\/?page_id=10"},"modified":"2022-03-06T15:00:45","modified_gmt":"2022-03-06T15:00:45","slug":"vaktmastare","status":"publish","type":"page","link":"https:\/\/www.kullakapell.nu\/?page_id=10","title":{"rendered":"Vaktm\u00e4stare"},"content":{"rendered":"<table style=\"height: 352px;\" width=\"624\">\n<tbody>\n<tr>\n<td>M\u00e5nad<\/td>\n<td>Namn<\/td>\n<td>\n<hr \/>\n<\/td>\n<td>Mobil<\/td>\n<\/tr>\n<tr>\n<td>Januari<\/td>\n<td>Kontakta styrelsen f\u00f6r bokningar<\/td>\n<td><\/td>\n<td><\/td>\n<\/tr>\n<tr>\n<td>Februari<\/td>\n<td>Kontakta styrelsen f\u00f6r bokningar<\/td>\n<td><\/td>\n<td><\/td>\n<\/tr>\n<tr>\n<td>Mars<\/td>\n<td>Kontakta styrelsen f\u00f6r bokningar<\/td>\n<td><\/td>\n<td><\/td>\n<\/tr>\n<tr>\n<td>April<\/td>\n<td>Gun och Ulf Fransson<\/td>\n<td><\/td>\n<td>073-9287570<\/td>\n<\/tr>\n<tr>\n<td>Maj<\/td>\n<td>Kristina och G\u00f6te Axelsson<\/td>\n<td><\/td>\n<td>073-8090411<\/td>\n<\/tr>\n<tr>\n<td>Juni<\/td>\n<td>Gun och Ulf Fransson<\/td>\n<td><\/td>\n<td>073-9287570<\/td>\n<\/tr>\n<tr>\n<td>Juli<\/td>\n<td>Kristina och G\u00f6te Axelsson<\/td>\n<td><\/td>\n<td>073-8090411<\/td>\n<\/tr>\n<tr>\n<td>Augusti<\/td>\n<td>Ingrid och Lennart Hagelberg<\/td>\n<td><\/td>\n<td>076-8246842<\/td>\n<\/tr>\n<tr>\n<td>September<\/td>\n<td>Helena Sj\u00f6berg och<br \/>\nS\u00f6ren Johansson<\/td>\n<td><\/td>\n<td>070-5161947<br \/>\n0380-91351<\/td>\n<\/tr>\n<tr>\n<td>Oktober<\/td>\n<td>Kontakta styrelsen f\u00f6r bokningar<\/td>\n<td><\/td>\n<td><\/td>\n<\/tr>\n<tr>\n<td>November<\/td>\n<td>Kontakta styrelsen f\u00f6r bokningar<\/td>\n<td><\/td>\n<td><\/td>\n<\/tr>\n<tr>\n<td>December<\/td>\n<td>Kontakta styrelsen f\u00f6r bokningar<\/td>\n<td colspan=\"2\"><\/td>\n<\/tr>\n<tr>\n<td><\/td>\n<td><\/td>\n<td colspan=\"2\"><\/td>\n<\/tr>\n<tr>\n<td><\/td>\n<td><\/td>\n<td><\/td>\n<td><\/td>\n<\/tr>\n<tr>\n<td colspan=\"4\"><\/td>\n<\/tr>\n<\/tbody>\n<\/table>\n","protected":false},"excerpt":{"rendered":"<p>M\u00e5nad Namn Mobil Januari Kontakta styrelsen f\u00f6r bokningar Februari Kontakta styrelsen f\u00f6r bokningar Mars Kontakta styrelsen f\u00f6r bokningar April Gun och Ulf Fransson 073-9287570 Maj Kristina och G\u00f6te Axelsson 073-8090411 Juni Gun och Ulf Fransson 073-9287570 Juli Kristina och G\u00f6te Axelsson 073-8090411 Augusti Ingrid och Lennart Hagelberg 076-8246842 September Helena Sj\u00f6berg och S\u00f6ren Johansson 070-5161947 [&hellip;]<\/p>\n","protected":false},"author":1,"featured_media":0,"parent":0,"menu_order":0,"comment_status":"open","ping_status":"open","template":"","meta":[],"_links":{"self":[{"href":"https:\/\/www.kullakapell.nu\/index.php?rest_route=\/wp\/v2\/pages\/10"}],"collection":[{"href":"https:\/\/www.kullakapell.nu\/index.php?rest_route=\/wp\/v2\/pages"}],"about":[{"href":"https:\/\/www.kullakapell.nu\/index.php?rest_route=\/wp\/v2\/types\/page"}],"author":[{"embeddable":true,"href":"https:\/\/www.kullakapell.nu\/index.php?rest_route=\/wp\/v2\/users\/1"}],"replies":[{"embeddable":true,"href":"https:\/\/www.kullakapell.nu\/index.php?rest_route=%2Fwp%2Fv2%2Fcomments&post=10"}],"version-history":[{"count":17,"href":"https:\/\/www.kullakapell.nu\/index.php?rest_route=\/wp\/v2\/pages\/10\/revisions"}],"predecessor-version":[{"id":1909,"href":"https:\/\/www.kullakapell.nu\/index.php?rest_route=\/wp\/v2\/pages\/10\/revisions\/1909"}],"wp:attachment":[{"href":"https:\/\/www.kullakapell.nu\/index.php?rest_route=%2Fwp%2Fv2%2Fmedia&parent=10"}],"curies":[{"name":"wp","href":"https:\/\/api.w.org\/{rel}","templated":true}]}}