{"id":112,"date":"2014-03-15T21:47:48","date_gmt":"2014-03-15T21:47:48","guid":{"rendered":"http:\/\/www.kullakapell.nu\/?page_id=112"},"modified":"2021-08-08T17:20:33","modified_gmt":"2021-08-08T17:20:33","slug":"vigslar","status":"publish","type":"page","link":"https:\/\/www.kullakapell.nu\/?page_id=112","title":{"rendered":"Vigslar"},"content":{"rendered":"<p>Kulla kapell \u00e4r ett omtyckt vigselkapell. Ljust och trevligt och lagom stort.<\/p>\n<p><a href=\"https:\/\/www.kullakapell.nu\/wp-content\/uploads\/2014\/01\/brollop.jpg\"><img loading=\"lazy\" class=\"alignnone size-medium wp-image-59 aligncenter\" src=\"https:\/\/www.kullakapell.nu\/wp-content\/uploads\/2014\/01\/brollop-300x300.jpg\" alt=\"brollop\" width=\"300\" height=\"300\" srcset=\"https:\/\/www.kullakapell.nu\/wp-content\/uploads\/2014\/01\/brollop-300x300.jpg 300w, https:\/\/www.kullakapell.nu\/wp-content\/uploads\/2014\/01\/brollop-150x150.jpg 150w, https:\/\/www.kullakapell.nu\/wp-content\/uploads\/2014\/01\/brollop.jpg 825w\" sizes=\"(max-width: 300px) 100vw, 300px\" \/><\/a><\/p>\n<p>Det rymmer ca 100 personer.<br \/>\nDet finns orgel, elektriskt piano, h\u00f6gtalaranl\u00e4ggning med dvd.<\/p>\n<p>F\u00f6r bokning: Kontakta S\u00f6dra Vedbo pastorat exp. tel: 0381-662300<\/p>\n","protected":false},"excerpt":{"rendered":"<p>Kulla kapell \u00e4r ett omtyckt vigselkapell. Ljust och trevligt och lagom stort. Det rymmer ca 100 personer. Det finns orgel, elektriskt piano, h\u00f6gtalaranl\u00e4ggning med dvd. F\u00f6r bokning: Kontakta S\u00f6dra Vedbo pastorat exp. tel: 0381-662300<\/p>\n","protected":false},"author":2,"featured_media":0,"parent":0,"menu_order":0,"comment_status":"closed","ping_status":"open","template":"","meta":[],"_links":{"self":[{"href":"https:\/\/www.kullakapell.nu\/index.php?rest_route=\/wp\/v2\/pages\/112"}],"collection":[{"href":"https:\/\/www.kullakapell.nu\/index.php?rest_route=\/wp\/v2\/pages"}],"about":[{"href":"https:\/\/www.kullakapell.nu\/index.php?rest_route=\/wp\/v2\/types\/page"}],"author":[{"embeddable":true,"href":"https:\/\/www.kullakapell.nu\/index.php?rest_route=\/wp\/v2\/users\/2"}],"replies":[{"embeddable":true,"href":"https:\/\/www.kullakapell.nu\/index.php?rest_route=%2Fwp%2Fv2%2Fcomments&post=112"}],"version-history":[{"count":2,"href":"https:\/\/www.kullakapell.nu\/index.php?rest_route=\/wp\/v2\/pages\/112\/revisions"}],"predecessor-version":[{"id":1785,"href":"https:\/\/www.kullakapell.nu\/index.php?rest_route=\/wp\/v2\/pages\/112\/revisions\/1785"}],"wp:attachment":[{"href":"https:\/\/www.kullakapell.nu\/index.php?rest_route=%2Fwp%2Fv2%2Fmedia&parent=112"}],"curies":[{"name":"wp","href":"https:\/\/api.w.org\/{rel}","templated":true}]}}