{"id":12,"date":"2014-01-28T13:47:59","date_gmt":"2014-01-28T13:47:59","guid":{"rendered":"http:\/\/test.kullakapell.nu\/?page_id=12"},"modified":"2025-11-09T15:41:24","modified_gmt":"2025-11-09T15:41:24","slug":"styrelse","status":"publish","type":"page","link":"https:\/\/www.kullakapell.nu\/?page_id=12","title":{"rendered":"Styrelse"},"content":{"rendered":"<table>\n<tbody>\n<tr>\n<td>Ordf\u00f6rande<\/td>\n<td>Agneta Holm<\/td>\n<td>073-0709654<\/td>\n<\/tr>\n<tr>\n<td>Kass\u00f6r<\/td>\n<td>Ulf Fransson<\/td>\n<td>073-0747210<\/td>\n<\/tr>\n<tr>\n<td>Sekreterare<\/td>\n<td>S\u00f6ren Johansson<\/td>\n<td>0380-91351<\/td>\n<\/tr>\n<tr>\n<td>\u00a0<\/td>\n<td>Helena Sj\u00f6berg<\/td>\n<td>070-5161947<\/td>\n<\/tr>\n<tr>\n<td>\u00a0<\/td>\n<td>Ann-Marie Olaison<\/td>\n<td>070-6937976<\/td>\n<\/tr>\n<tr>\n<td>\u00a0<\/td>\n<td>Krister Laurell<\/td>\n<td><a class=\"display shown\" href=\"tel: +46706267697\">070-6267697<\/a><\/td>\n<\/tr>\n<tr>\n<td>\u00a0<\/td>\n<td>Kristina Axelsson<\/td>\n<td>\u00a0<a href=\"tel:036303542\">073-8090411<\/a><\/td>\n<\/tr>\n<tr>\n<td colspan=\"3\">\u00a0 \u00a0 \u00a0 \u00a0 \u00a0 \u00a0 \u00a0 \u00a0 \u00a0 \u00a0 \u00a0 \u00a0 Thomas\u00a0 Svensson\u00a0 \u00a0 070-3962148<\/td>\n<\/tr>\n<tr>\n<td>Adjungerad<\/td>\n<td>\u00a0Tobias Fredrixon<\/td>\n<td><a href=\"tel:0381-662451\">\u00a0 0381-662451<\/a><\/td>\n<\/tr>\n<\/tbody>\n<\/table>\n\n\n<p><\/p>\n","protected":false},"excerpt":{"rendered":"<p>Ordf\u00f6rande Agneta Holm 073-0709654 Kass\u00f6r Ulf Fransson 073-0747210 Sekreterare S\u00f6ren Johansson 0380-91351 \u00a0 Helena Sj\u00f6berg 070-5161947 \u00a0 Ann-Marie Olaison 070-6937976 \u00a0 Krister Laurell 070-6267697 \u00a0 Kristina Axelsson \u00a0073-8090411 \u00a0 \u00a0 \u00a0 \u00a0 \u00a0 \u00a0 \u00a0 \u00a0 \u00a0 \u00a0 \u00a0 \u00a0 Thomas\u00a0 Svensson\u00a0 \u00a0 070-3962148 Adjungerad \u00a0Tobias Fredrixon \u00a0 0381-662451<\/p>\n","protected":false},"author":1,"featured_media":0,"parent":0,"menu_order":0,"comment_status":"open","ping_status":"open","template":"","meta":[],"_links":{"self":[{"href":"https:\/\/www.kullakapell.nu\/index.php?rest_route=\/wp\/v2\/pages\/12"}],"collection":[{"href":"https:\/\/www.kullakapell.nu\/index.php?rest_route=\/wp\/v2\/pages"}],"about":[{"href":"https:\/\/www.kullakapell.nu\/index.php?rest_route=\/wp\/v2\/types\/page"}],"author":[{"embeddable":true,"href":"https:\/\/www.kullakapell.nu\/index.php?rest_route=\/wp\/v2\/users\/1"}],"replies":[{"embeddable":true,"href":"https:\/\/www.kullakapell.nu\/index.php?rest_route=%2Fwp%2Fv2%2Fcomments&post=12"}],"version-history":[{"count":17,"href":"https:\/\/www.kullakapell.nu\/index.php?rest_route=\/wp\/v2\/pages\/12\/revisions"}],"predecessor-version":[{"id":2631,"href":"https:\/\/www.kullakapell.nu\/index.php?rest_route=\/wp\/v2\/pages\/12\/revisions\/2631"}],"wp:attachment":[{"href":"https:\/\/www.kullakapell.nu\/index.php?rest_route=%2Fwp%2Fv2%2Fmedia&parent=12"}],"curies":[{"name":"wp","href":"https:\/\/api.w.org\/{rel}","templated":true}]}}