{"id":52,"date":"2014-01-29T08:03:04","date_gmt":"2014-01-29T08:03:04","guid":{"rendered":"http:\/\/test.kullakapell.nu\/?page_id=52"},"modified":"2025-05-19T16:58:42","modified_gmt":"2025-05-19T16:58:42","slug":"om-kapellet","status":"publish","type":"page","link":"https:\/\/www.kullakapell.nu\/?page_id=52","title":{"rendered":"Om kapellet"},"content":{"rendered":"<h5>2023 gjordes en<strong> informationsfilm om Kulla kapell<\/strong>. H\u00e4r kommer l\u00e4nken: https:\/\/www.youtube.com\/watch?v=hxqzmq_nbqA<br \/>\nhttps:\/\/www.kyrkoguiderlinkopingsstift.se\/linkopingsstift_228.html<\/h5>\n<p>&#8212;&#8212;&#8212;&#8212;&#8212;&#8212;&#8212;&#8212;&#8212;&#8212;&#8212;&#8212;&#8212;&#8212;&#8212;&#8212;&#8212;&#8212;&#8212;&#8212;&#8212;&#8212;&#8212;&#8212;&#8212;&#8212;&#8212;&#8212;&#8212;&#8212;&#8212;&#8212;&#8212;&#8212;&#8212;&#8212;&#8212;&#8212;&#8211;<\/p>\n<p>OBS! En Handikapp ing\u00e5ng l\u00e4ngst fram till v\u00e4nster. Det g\u00e5r att k\u00f6ra bil \u00e4nda fram!<br \/>\n<strong>Kulla Kapell, vackert bel\u00e4get<\/strong> v\u00e4ster om v\u00e4g 128 mellan Broarp och Stensj\u00f6n, uppf\u00f6rdes 1927.<\/p>\n<p><a href=\"https:\/\/www.kullakapell.nu\/wp-content\/uploads\/2014\/01\/gamla_kapellet.jpg\"><img loading=\"lazy\" class=\"alignnone size-medium wp-image-56\" src=\"https:\/\/www.kullakapell.nu\/wp-content\/uploads\/2014\/01\/gamla_kapellet-300x207.jpg\" alt=\"gamla_kapellet\" width=\"300\" height=\"207\" srcset=\"https:\/\/www.kullakapell.nu\/wp-content\/uploads\/2014\/01\/gamla_kapellet-300x207.jpg 300w, https:\/\/www.kullakapell.nu\/wp-content\/uploads\/2014\/01\/gamla_kapellet.jpg 854w\" sizes=\"(max-width: 300px) 100vw, 300px\" \/><\/a><\/p>\n<p>Bygdens folk hade l\u00e4nge \u00f6nskat att f\u00e5 bygga ett kapell. V\u00e4gen till<br \/>\nsockenkyrkan i H\u00f6reda var l\u00e5ng och besv\u00e4rlig.<\/p>\n<p>I arbetet med det nya kapellet var m\u00e5nga delaktiga. Mark, byggnadsmaterial<br \/>\noch dagsverkstimmar sk\u00e4nktes. Redan fr\u00e5n b\u00f6rjan var Kulla kapell en angel\u00e4genhet<br \/>\noch ett ansvar f\u00f6r folket i bygden och s\u00e5 har det f\u00f6rblivit.<\/p>\n<p>Kapellet blev direkt en viktig samlingsplats f\u00f6r gudstj\u00e4nster, sym\u00f6ten och<br \/>\nkyrkliga f\u00f6rr\u00e4ttningar. Inte minst brudpar uppt\u00e4ckte tidigt den vackra och<br \/>\nh\u00f6gt bel\u00e4gna kyrkan, med h\u00e4rlig utsikt \u00f6ver omgivningarna. F\u00f6r m\u00e5nga \u00e4r Kulla<br \/>\nkapell f\u00f6rknippat med livets h\u00f6gtidsstunder. D\u00e4rf\u00f6r blev sorgen stor, n\u00e4r<br \/>\nkapellet brann ned, s\u00f6ndagen den 28 maj 2000. Att n\u00e5gon medvetet ville<br \/>\nf\u00f6rst\u00f6ra denna fridfulla plats var sv\u00e5rt att f\u00f6rst\u00e5. Men Kullabygdens folk<br \/>\ngav sig inte &#8211; man ville ha kvar sitt kapell. Snart var arbetet ig\u00e5ng med att<br \/>\nbygga nytt &#8211; p\u00e5 den gamla grunden.<\/p>\n<p>En ny gudstj\u00e4nstlokal f\u00f6r 2000-talets behov, men ocks\u00e5 med v\u00e4rdefulla anor bak\u00e5t, stod klar f\u00f6r invigning mindre \u00e4n ett \u00e5r efter branden. Den 13 maj 2001 firades den f\u00f6rsta gudstj\u00e4nsten i det nyuppf\u00f6rda kapellet, under ledning av biskop Martin Lind med 350 gudstj\u00e4nstdeltagare.<\/p>\n<p>P\u00e5 samma s\u00e4tt som f\u00f6rr, inbjuder oss Kulla kapell att samlas i livets olika<br \/>\nskeden, i b\u00e5de gl\u00e4dje och sorg. F\u00f6rutom vanliga gudstj\u00e4nster, s\u00e5 finner<br \/>\n\u00e4ven dop, br\u00f6llop och begravningar sin plats i kapellet.<a href=\"https:\/\/www.kullakapell.nu\/wp-content\/uploads\/2014\/01\/sommar.jpg\"><img loading=\"lazy\" class=\"size-medium wp-image-60 alignright\" src=\"https:\/\/www.kullakapell.nu\/wp-content\/uploads\/2014\/01\/sommar-300x192.jpg\" alt=\"sommar\" width=\"300\" height=\"192\" srcset=\"https:\/\/www.kullakapell.nu\/wp-content\/uploads\/2014\/01\/sommar-300x192.jpg 300w, https:\/\/www.kullakapell.nu\/wp-content\/uploads\/2014\/01\/sommar-1024x655.jpg 1024w, https:\/\/www.kullakapell.nu\/wp-content\/uploads\/2014\/01\/sommar.jpg 1476w\" sizes=\"(max-width: 300px) 100vw, 300px\" \/><\/a><\/p>\n<p>M\u00e5nga traditioner knyts till Kulla kapell. Sedan 1928 har KFUM i N\u00e4ssj\u00f6<br \/>\nanordnat morgongudstj\u00e4nst p\u00e5 Kristi Himmelsf\u00e4rds dag. Hundratals bes\u00f6kare kommer varje \u00e5r. Efter gudstj\u00e4nsten serveras kaffe och mansk\u00f6ren sjunger.<\/p>\n<p>Under v\u00e4gkyrkoveckan \u00e4r kapellet \u00f6ppet varje dag f\u00f6r guidning, kaffeservering och andakt. Dessutom visar olika hantverkare sina alster.<\/p>\n<p>Kapellf\u00f6reningen inbjuder under h\u00f6sten till auktion med ostkakeservering.<\/p>\n<p><a href=\"https:\/\/www.kullakapell.nu\/wp-content\/uploads\/2014\/01\/eva_spangberg.jpg\"><img loading=\"lazy\" class=\" wp-image-54 alignleft\" src=\"https:\/\/www.kullakapell.nu\/wp-content\/uploads\/2014\/01\/eva_spangberg-204x300.jpg\" alt=\"eva_spangberg\" width=\"159\" height=\"234\" srcset=\"https:\/\/www.kullakapell.nu\/wp-content\/uploads\/2014\/01\/eva_spangberg-204x300.jpg 204w, https:\/\/www.kullakapell.nu\/wp-content\/uploads\/2014\/01\/eva_spangberg.jpg 403w\" sizes=\"(max-width: 159px) 100vw, 159px\" \/><\/a>Blickf\u00e5nget i gudstj\u00e4nstrummet- den vackra altartavlan, \u00e4r skapad av tr\u00e4konstn\u00e4ren Eva Sp\u00e5ngberg. Hon visar hur Jesus samlar m\u00e4nniskor fr\u00e5n hela v\u00e4rlden omkring sig: unga och gamla, friska och sjuka, kvinnor och m\u00e4n av olika hudf\u00e4rg och nationaliteter. I den gemenskapen f\u00e5r ocks\u00e5 vi vara med.<\/p>\n<p>Fr\u00e5n det gamla kapellet finns bland annat predikstolen, predikstolskl\u00e4det, ett krucifix, dopfunten, dopljusstaken samt klockstapeln kvar.<\/p>\n","protected":false},"excerpt":{"rendered":"<p>2023 gjordes en informationsfilm om Kulla kapell. H\u00e4r kommer l\u00e4nken: https:\/\/www.youtube.com\/watch?v=hxqzmq_nbqA https:\/\/www.kyrkoguiderlinkopingsstift.se\/linkopingsstift_228.html &#8212;&#8212;&#8212;&#8212;&#8212;&#8212;&#8212;&#8212;&#8212;&#8212;&#8212;&#8212;&#8212;&#8212;&#8212;&#8212;&#8212;&#8212;&#8212;&#8212;&#8212;&#8212;&#8212;&#8212;&#8212;&#8212;&#8212;&#8212;&#8212;&#8212;&#8212;&#8212;&#8212;&#8212;&#8212;&#8212;&#8212;&#8212;&#8211; OBS! En Handikapp ing\u00e5ng l\u00e4ngst fram till v\u00e4nster. Det g\u00e5r att k\u00f6ra bil \u00e4nda fram! Kulla Kapell, vackert bel\u00e4get v\u00e4ster om v\u00e4g 128 mellan Broarp och Stensj\u00f6n, uppf\u00f6rdes 1927. Bygdens folk hade l\u00e4nge \u00f6nskat att f\u00e5 bygga ett kapell. V\u00e4gen till sockenkyrkan [&hellip;]<\/p>\n","protected":false},"author":1,"featured_media":0,"parent":0,"menu_order":0,"comment_status":"open","ping_status":"open","template":"","meta":[],"_links":{"self":[{"href":"https:\/\/www.kullakapell.nu\/index.php?rest_route=\/wp\/v2\/pages\/52"}],"collection":[{"href":"https:\/\/www.kullakapell.nu\/index.php?rest_route=\/wp\/v2\/pages"}],"about":[{"href":"https:\/\/www.kullakapell.nu\/index.php?rest_route=\/wp\/v2\/types\/page"}],"author":[{"embeddable":true,"href":"https:\/\/www.kullakapell.nu\/index.php?rest_route=\/wp\/v2\/users\/1"}],"replies":[{"embeddable":true,"href":"https:\/\/www.kullakapell.nu\/index.php?rest_route=%2Fwp%2Fv2%2Fcomments&post=52"}],"version-history":[{"count":5,"href":"https:\/\/www.kullakapell.nu\/index.php?rest_route=\/wp\/v2\/pages\/52\/revisions"}],"predecessor-version":[{"id":2559,"href":"https:\/\/www.kullakapell.nu\/index.php?rest_route=\/wp\/v2\/pages\/52\/revisions\/2559"}],"wp:attachment":[{"href":"https:\/\/www.kullakapell.nu\/index.php?rest_route=%2Fwp%2Fv2%2Fmedia&parent=52"}],"curies":[{"name":"wp","href":"https:\/\/api.w.org\/{rel}","templated":true}]}}